{"id":1637,"date":"2025-11-24T17:16:29","date_gmt":"2025-11-24T17:16:29","guid":{"rendered":"https:\/\/recoverns.arrdev.ca\/?page_id=1637"},"modified":"2025-12-12T15:43:36","modified_gmt":"2025-12-12T15:43:36","slug":"ellie-braham-wins-breakout-professional-of-the-year-technology-division-at-2025-obsidi-awards","status":"publish","type":"page","link":"https:\/\/recoverns.arrdev.ca\/fr\/media\/ellie-braham-wins-breakout-professional-of-the-year-technology-division-at-2025-obsidi-awards\/","title":{"rendered":"Rellie Braham remporte le prix de la R\u00e9v\u00e9lation de l&rsquo;ann\u00e9e \u2013 Division Technologie aux Obsidi\u00ae Awards 2025"},"content":{"rendered":"<p><div class=\"fusion-fullwidth fullwidth-box fusion-builder-row-1 fusion-flex-container has-pattern-background has-mask-background heroSubpage nonhundred-percent-fullwidth non-hundred-percent-height-scrolling\" style=\"--awb-border-radius-top-left:0px;--awb-border-radius-top-right:0px;--awb-border-radius-bottom-right:0px;--awb-border-radius-bottom-left:0px;--awb-flex-wrap:wrap;\" ><div class=\"fusion-builder-row fusion-row fusion-flex-align-items-flex-start fusion-flex-content-wrap\" style=\"max-width:1497.6px;margin-left: calc(-4% \/ 2 );margin-right: calc(-4% \/ 2 );\"><div class=\"fusion-layout-column fusion_builder_column fusion-builder-column-0 fusion_builder_column_1_2 1_2 fusion-flex-column\" style=\"--awb-bg-size:cover;--awb-width-large:50%;--awb-margin-top-large:0px;--awb-spacing-right-large:3.84%;--awb-margin-bottom-large:20px;--awb-spacing-left-large:3.84%;--awb-width-medium:50%;--awb-order-medium:0;--awb-spacing-right-medium:3.84%;--awb-spacing-left-medium:3.84%;--awb-width-small:100%;--awb-order-small:0;--awb-spacing-right-small:1.92%;--awb-spacing-left-small:1.92%;\" data-scroll-devices=\"small-visibility,medium-visibility,large-visibility\"><div class=\"fusion-column-wrapper fusion-column-has-shadow fusion-flex-justify-content-flex-start fusion-content-layout-column\"><div class=\"fusion-text fusion-text-1\"><h1 class=\"h3\">Ellie Braham remporte le prix de la R\u00e9v\u00e9lation de l&rsquo;ann\u00e9e \u2013 Division Technologie aux Obsidi<sup>\u00ae<\/sup> Awards 2025<\/h1>\n<p>Nous sommes fiers de c\u00e9l\u00e9brer Ellie Braham, la nouvelle responsable PMO de ReCover, qui a r\u00e9cemment \u00e9t\u00e9 nomm\u00e9e R\u00e9v\u00e9lation professionnelle de l&rsquo;ann\u00e9e \u2013 Division Technologie lors des Obsidi<sup>\u00ae<\/sup> Awards 2025, pr\u00e9sent\u00e9s par Uber.<\/p>\n<\/div><\/div><\/div><div class=\"fusion-layout-column fusion_builder_column fusion-builder-column-1 fusion_builder_column_1_2 1_2 fusion-flex-column\" style=\"--awb-bg-size:cover;--awb-width-large:50%;--awb-margin-top-large:0px;--awb-spacing-right-large:3.84%;--awb-margin-bottom-large:20px;--awb-spacing-left-large:3.84%;--awb-width-medium:50%;--awb-order-medium:0;--awb-spacing-right-medium:3.84%;--awb-spacing-left-medium:3.84%;--awb-width-small:100%;--awb-order-small:0;--awb-spacing-right-small:1.92%;--awb-spacing-left-small:1.92%;\" data-scroll-devices=\"small-visibility,medium-visibility,large-visibility\"><div class=\"fusion-column-wrapper fusion-column-has-shadow fusion-flex-justify-content-flex-start fusion-content-layout-column\"><div class=\"fusion-image-element \" style=\"text-align:right;--awb-max-width:450px;--awb-caption-title-font-family:var(--h2_typography-font-family);--awb-caption-title-font-weight:var(--h2_typography-font-weight);--awb-caption-title-font-style:var(--h2_typography-font-style);--awb-caption-title-size:var(--h2_typography-font-size);--awb-caption-title-transform:var(--h2_typography-text-transform);--awb-caption-title-line-height:var(--h2_typography-line-height);--awb-caption-title-letter-spacing:var(--h2_typography-letter-spacing);\"><span class=\" fusion-imageframe imageframe-none imageframe-1 hover-type-none\"><img decoding=\"async\" width=\"300\" height=\"290\" title=\"Ellie accepting award\" src=\"https:\/\/recoverns.arrdev.ca\/wp-content\/uploads\/2025\/11\/Ellie-accepting-award-300x290.jpg\" alt class=\"img-responsive wp-image-1523\" srcset=\"https:\/\/recoverns.arrdev.ca\/wp-content\/uploads\/2025\/11\/Ellie-accepting-award-200x194.jpg 200w, https:\/\/recoverns.arrdev.ca\/wp-content\/uploads\/2025\/11\/Ellie-accepting-award-400x387.jpg 400w, https:\/\/recoverns.arrdev.ca\/wp-content\/uploads\/2025\/11\/Ellie-accepting-award-600x581.jpg 600w, https:\/\/recoverns.arrdev.ca\/wp-content\/uploads\/2025\/11\/Ellie-accepting-award-800x774.jpg 800w, https:\/\/recoverns.arrdev.ca\/wp-content\/uploads\/2025\/11\/Ellie-accepting-award.jpg 1033w\" sizes=\"(max-width: 768px) 100vw, 800px\" \/><\/span><\/div><\/div><\/div><\/div><\/div><div class=\"fusion-fullwidth fullwidth-box fusion-builder-row-2 fusion-flex-container has-pattern-background has-mask-background nonhundred-percent-fullwidth non-hundred-percent-height-scrolling\" style=\"--awb-border-radius-top-left:0px;--awb-border-radius-top-right:0px;--awb-border-radius-bottom-right:0px;--awb-border-radius-bottom-left:0px;--awb-padding-top:0px;--awb-margin-top:0px;--awb-background-color:#f5f5f5;--awb-flex-wrap:wrap;\" ><div class=\"fusion-builder-row fusion-row fusion-flex-align-items-flex-start fusion-flex-content-wrap\" style=\"max-width:1497.6px;margin-left: calc(-4% \/ 2 );margin-right: calc(-4% \/ 2 );\"><div class=\"fusion-layout-column fusion_builder_column fusion-builder-column-2 fusion_builder_column_1_1 1_1 fusion-flex-column\" style=\"--awb-bg-size:cover;--awb-width-large:100%;--awb-margin-top-large:0px;--awb-spacing-right-large:1.92%;--awb-margin-bottom-large:20px;--awb-spacing-left-large:1.92%;--awb-width-medium:100%;--awb-order-medium:0;--awb-spacing-right-medium:1.92%;--awb-spacing-left-medium:1.92%;--awb-width-small:100%;--awb-order-small:0;--awb-spacing-right-small:1.92%;--awb-spacing-left-small:1.92%;\" data-scroll-devices=\"small-visibility,medium-visibility,large-visibility\"><div class=\"fusion-column-wrapper fusion-column-has-shadow fusion-flex-justify-content-center fusion-content-layout-column\"><div class=\"fusion-text fusion-text-2\" style=\"--awb-margin-top:0px;\"><p>Organis\u00e9s sous le th\u00e8me \u00ab\u00a0Un leadership sans limites\u00a0\u00bb, les prix Obsidi\u00ae, d\u00e9cern\u00e9s chaque ann\u00e9e, mettent en lumi\u00e8re des leaders noirs visionnaires qui red\u00e9finissent l&rsquo;excellence dans l&rsquo;\u00e9cosyst\u00e8me technologique. Le prix \u00ab\u00a0R\u00e9v\u00e9lation professionnelle de l&rsquo;ann\u00e9e\u00a0\u00bb \u2013 Division Technologie r\u00e9compense les professionnels noirs du secteur technologique qui ont fait preuve d&rsquo;une progression de carri\u00e8re exceptionnelle, de contributions novatrices et d&rsquo;un engagement significatif au sein de l&rsquo;industrie.<\/p>\n<p>Le travail d&rsquo;Ellie chez ReCover illustre parfaitement ces valeurs. Elle joue un r\u00f4le essentiel dans la r\u00e9alisation de la mission de ReCover, qui consiste \u00e0 d\u00e9velopper des solutions de r\u00e9novation \u00e9nerg\u00e9tique en profondeur pour r\u00e9pondre rapidement et \u00e0 grande \u00e9chelle \u00e0 la crise climatique. Elle apporte \u00e0 chaque projet une rigueur strat\u00e9gique, un leadership inclusif et une approche syst\u00e9mique. Sa capacit\u00e9 \u00e0 simplifier la complexit\u00e9 permettra \u00e0 ReCover d&rsquo;amplifier son impact tout en renfor\u00e7ant la confiance entre les partenaires, les \u00e9quipes et les communaut\u00e9s.<\/p>\n<p>\u00ab Ce prix t\u00e9moigne de l\u2019engagement d\u2019Ellie, non seulement envers l\u2019excellence technique, mais aussi envers l\u2019impact, l\u2019\u00e9quit\u00e9 et la collaboration.<\/p>\n<p>Nous sommes extr\u00eamement fiers de compter Ellie parmi nous et ravis de voir son leadership reconnu \u00e0 l\u2019\u00e9chelle nationale. \u00bb<\/p>\n<p>Pour en savoir plus sur les Obsidi<sup>\u00ae<\/sup> Awards et consulter la liste compl\u00e8te des laur\u00e9ats, rendez-vous sur <a href=\"https:\/\/Obsidi.com\" target=\"_blank\" rel=\"noopener\">Obsidi.com<\/a>.<\/p>\n<\/div><\/div><\/div><\/div><\/div><div class=\"fusion-fullwidth fullwidth-box fusion-builder-row-3 fusion-flex-container has-pattern-background has-mask-background nonhundred-percent-fullwidth non-hundred-percent-height-scrolling\" style=\"--awb-border-radius-top-left:0px;--awb-border-radius-top-right:0px;--awb-border-radius-bottom-right:0px;--awb-border-radius-bottom-left:0px;--awb-padding-top:0px;--awb-margin-top:0px;--awb-flex-wrap:wrap;\" ><div class=\"fusion-builder-row fusion-row fusion-flex-align-items-flex-start fusion-flex-content-wrap\" style=\"max-width:1497.6px;margin-left: calc(-4% \/ 2 );margin-right: calc(-4% \/ 2 );\"><div class=\"fusion-layout-column fusion_builder_column fusion-builder-column-3 fusion_builder_column_1_2 1_2 fusion-flex-column\" style=\"--awb-bg-size:cover;--awb-width-large:50%;--awb-margin-top-large:0px;--awb-spacing-right-large:3.84%;--awb-margin-bottom-large:20px;--awb-spacing-left-large:3.84%;--awb-width-medium:50%;--awb-order-medium:0;--awb-spacing-right-medium:3.84%;--awb-spacing-left-medium:3.84%;--awb-width-small:100%;--awb-order-small:0;--awb-spacing-right-small:1.92%;--awb-spacing-left-small:1.92%;\" data-scroll-devices=\"small-visibility,medium-visibility,large-visibility\"><div class=\"fusion-column-wrapper fusion-column-has-shadow fusion-flex-justify-content-center fusion-content-layout-column\"><div class=\"fusion-image-element \" style=\"--awb-caption-title-font-family:var(--h2_typography-font-family);--awb-caption-title-font-weight:var(--h2_typography-font-weight);--awb-caption-title-font-style:var(--h2_typography-font-style);--awb-caption-title-size:var(--h2_typography-font-size);--awb-caption-title-transform:var(--h2_typography-text-transform);--awb-caption-title-line-height:var(--h2_typography-line-height);--awb-caption-title-letter-spacing:var(--h2_typography-letter-spacing);\"><span class=\" fusion-imageframe imageframe-none imageframe-2 hover-type-none\"><img decoding=\"async\" width=\"300\" height=\"291\" title=\"Ellie and Lekan &#8211; Obsidi Awards\" src=\"https:\/\/recoverns.arrdev.ca\/wp-content\/uploads\/2025\/11\/Ellie-and-Lekan-Obsidi-Awards-300x291.jpg\" alt class=\"img-responsive wp-image-1636\" srcset=\"https:\/\/recoverns.arrdev.ca\/wp-content\/uploads\/2025\/11\/Ellie-and-Lekan-Obsidi-Awards-200x194.jpg 200w, https:\/\/recoverns.arrdev.ca\/wp-content\/uploads\/2025\/11\/Ellie-and-Lekan-Obsidi-Awards-400x388.jpg 400w, https:\/\/recoverns.arrdev.ca\/wp-content\/uploads\/2025\/11\/Ellie-and-Lekan-Obsidi-Awards-600x582.jpg 600w, https:\/\/recoverns.arrdev.ca\/wp-content\/uploads\/2025\/11\/Ellie-and-Lekan-Obsidi-Awards-800x776.jpg 800w, https:\/\/recoverns.arrdev.ca\/wp-content\/uploads\/2025\/11\/Ellie-and-Lekan-Obsidi-Awards.jpg 1001w\" sizes=\"(max-width: 768px) 100vw, 800px\" \/><\/span><\/div><div class=\"fusion-text fusion-text-3\" style=\"--awb-margin-top:20px;\"><p class=\"caption\">Ellie avec Lekan Olawoye, co-fondateur et PDG, Obsidi<sup>\u00ae<\/sup> Awards.<\/p>\n<\/div><\/div><\/div><div class=\"fusion-layout-column fusion_builder_column fusion-builder-column-4 fusion_builder_column_1_2 1_2 fusion-flex-column\" style=\"--awb-bg-size:cover;--awb-width-large:50%;--awb-margin-top-large:0px;--awb-spacing-right-large:3.84%;--awb-margin-bottom-large:20px;--awb-spacing-left-large:3.84%;--awb-width-medium:50%;--awb-order-medium:0;--awb-spacing-right-medium:3.84%;--awb-spacing-left-medium:3.84%;--awb-width-small:100%;--awb-order-small:0;--awb-spacing-right-small:1.92%;--awb-spacing-left-small:1.92%;\" data-scroll-devices=\"small-visibility,medium-visibility,large-visibility\"><div class=\"fusion-column-wrapper fusion-column-has-shadow fusion-flex-justify-content-center fusion-content-layout-column\"><div class=\"fusion-image-element \" style=\"--awb-caption-title-font-family:var(--h2_typography-font-family);--awb-caption-title-font-weight:var(--h2_typography-font-weight);--awb-caption-title-font-style:var(--h2_typography-font-style);--awb-caption-title-size:var(--h2_typography-font-size);--awb-caption-title-transform:var(--h2_typography-text-transform);--awb-caption-title-line-height:var(--h2_typography-line-height);--awb-caption-title-letter-spacing:var(--h2_typography-letter-spacing);\"><span class=\" fusion-imageframe imageframe-none imageframe-3 hover-type-none\"><img decoding=\"async\" width=\"300\" height=\"290\" title=\"Ellie accepting award\" src=\"https:\/\/recoverns.arrdev.ca\/wp-content\/uploads\/2025\/11\/Ellie-accepting-award-300x290.jpg\" alt class=\"img-responsive wp-image-1523\" srcset=\"https:\/\/recoverns.arrdev.ca\/wp-content\/uploads\/2025\/11\/Ellie-accepting-award-200x194.jpg 200w, https:\/\/recoverns.arrdev.ca\/wp-content\/uploads\/2025\/11\/Ellie-accepting-award-400x387.jpg 400w, https:\/\/recoverns.arrdev.ca\/wp-content\/uploads\/2025\/11\/Ellie-accepting-award-600x581.jpg 600w, https:\/\/recoverns.arrdev.ca\/wp-content\/uploads\/2025\/11\/Ellie-accepting-award-800x774.jpg 800w, https:\/\/recoverns.arrdev.ca\/wp-content\/uploads\/2025\/11\/Ellie-accepting-award.jpg 1033w\" sizes=\"(max-width: 768px) 100vw, 800px\" \/><\/span><\/div><div class=\"fusion-text fusion-text-4\" style=\"--awb-margin-top:20px;\"><p class=\"caption\">Ellie recevant son prix lors de la c\u00e9r\u00e9monie des Obsidi<sup>\u00ae<\/sup> Awards.<\/p>\n<\/div><\/div><\/div><\/div><\/div><\/p>\n","protected":false},"excerpt":{"rendered":"","protected":false},"author":3,"featured_media":0,"parent":1526,"menu_order":0,"comment_status":"closed","ping_status":"closed","template":"100-width.php","meta":{"footnotes":""},"class_list":["post-1637","page","type-page","status-publish","hentry"],"yoast_head":"<!-- This site is optimized with the Yoast SEO plugin v26.5 - https:\/\/yoast.com\/wordpress\/plugins\/seo\/ -->\n<title>Rellie Braham remporte le prix de la R\u00e9v\u00e9lation de l&#039;ann\u00e9e \u2013 Division Technologie aux Obsidi\u00ae Awards 2025 - Recover NS<\/title>\n<meta name=\"robots\" content=\"noindex, follow, max-snippet:-1, max-image-preview:large, max-video-preview:-1\" \/>\n<meta property=\"og:locale\" content=\"fr_FR\" \/>\n<meta property=\"og:type\" content=\"article\" \/>\n<meta property=\"og:title\" content=\"Rellie Braham remporte le prix de la R\u00e9v\u00e9lation de l&#039;ann\u00e9e \u2013 Division Technologie aux Obsidi\u00ae Awards 2025 - Recover NS\" \/>\n<meta property=\"og:url\" content=\"https:\/\/recoverns.arrdev.ca\/fr\/media\/ellie-braham-wins-breakout-professional-of-the-year-technology-division-at-2025-obsidi-awards\/\" \/>\n<meta property=\"og:site_name\" content=\"Recover NS\" \/>\n<meta property=\"article:modified_time\" content=\"2025-12-12T15:43:36+00:00\" \/>\n<meta name=\"twitter:card\" content=\"summary_large_image\" \/>\n<meta name=\"twitter:label1\" content=\"Dur\u00e9e de lecture estim\u00e9e\" \/>\n\t<meta name=\"twitter:data1\" content=\"2 minutes\" \/>\n<script type=\"application\/ld+json\" class=\"yoast-schema-graph\">{\"@context\":\"https:\/\/schema.org\",\"@graph\":[{\"@type\":\"WebPage\",\"@id\":\"https:\/\/recoverns.arrdev.ca\/fr\/media\/ellie-braham-wins-breakout-professional-of-the-year-technology-division-at-2025-obsidi-awards\/\",\"url\":\"https:\/\/recoverns.arrdev.ca\/fr\/media\/ellie-braham-wins-breakout-professional-of-the-year-technology-division-at-2025-obsidi-awards\/\",\"name\":\"Rellie Braham remporte le prix de la R\u00e9v\u00e9lation de l'ann\u00e9e \u2013 Division Technologie aux Obsidi\u00ae Awards 2025 - Recover NS\",\"isPartOf\":{\"@id\":\"https:\/\/recoverns.arrdev.ca\/fr\/#website\"},\"datePublished\":\"2025-11-24T17:16:29+00:00\",\"dateModified\":\"2025-12-12T15:43:36+00:00\",\"breadcrumb\":{\"@id\":\"https:\/\/recoverns.arrdev.ca\/fr\/media\/ellie-braham-wins-breakout-professional-of-the-year-technology-division-at-2025-obsidi-awards\/#breadcrumb\"},\"inLanguage\":\"fr-FR\",\"potentialAction\":[{\"@type\":\"ReadAction\",\"target\":[\"https:\/\/recoverns.arrdev.ca\/fr\/media\/ellie-braham-wins-breakout-professional-of-the-year-technology-division-at-2025-obsidi-awards\/\"]}]},{\"@type\":\"BreadcrumbList\",\"@id\":\"https:\/\/recoverns.arrdev.ca\/fr\/media\/ellie-braham-wins-breakout-professional-of-the-year-technology-division-at-2025-obsidi-awards\/#breadcrumb\",\"itemListElement\":[{\"@type\":\"ListItem\",\"position\":1,\"name\":\"Home\",\"item\":\"https:\/\/recoverns.arrdev.ca\/fr\/\"},{\"@type\":\"ListItem\",\"position\":2,\"name\":\"M\u00e9dias\",\"item\":\"https:\/\/recoverns.arrdev.ca\/fr\/media\/\"},{\"@type\":\"ListItem\",\"position\":3,\"name\":\"Rellie Braham remporte le prix de la R\u00e9v\u00e9lation de l&#8217;ann\u00e9e \u2013 Division Technologie aux Obsidi\u00ae Awards 2025\"}]},{\"@type\":\"WebSite\",\"@id\":\"https:\/\/recoverns.arrdev.ca\/fr\/#website\",\"url\":\"https:\/\/recoverns.arrdev.ca\/fr\/\",\"name\":\"Recover NS\",\"description\":\"\",\"potentialAction\":[{\"@type\":\"SearchAction\",\"target\":{\"@type\":\"EntryPoint\",\"urlTemplate\":\"https:\/\/recoverns.arrdev.ca\/fr\/?s={search_term_string}\"},\"query-input\":{\"@type\":\"PropertyValueSpecification\",\"valueRequired\":true,\"valueName\":\"search_term_string\"}}],\"inLanguage\":\"fr-FR\"}]}<\/script>\n<!-- \/ Yoast SEO plugin. -->","yoast_head_json":{"title":"Rellie Braham remporte le prix de la R\u00e9v\u00e9lation de l'ann\u00e9e \u2013 Division Technologie aux Obsidi\u00ae Awards 2025 - Recover NS","robots":{"index":"noindex","follow":"follow","max-snippet":"max-snippet:-1","max-image-preview":"max-image-preview:large","max-video-preview":"max-video-preview:-1"},"og_locale":"fr_FR","og_type":"article","og_title":"Rellie Braham remporte le prix de la R\u00e9v\u00e9lation de l'ann\u00e9e \u2013 Division Technologie aux Obsidi\u00ae Awards 2025 - Recover NS","og_url":"https:\/\/recoverns.arrdev.ca\/fr\/media\/ellie-braham-wins-breakout-professional-of-the-year-technology-division-at-2025-obsidi-awards\/","og_site_name":"Recover NS","article_modified_time":"2025-12-12T15:43:36+00:00","twitter_card":"summary_large_image","twitter_misc":{"Dur\u00e9e de lecture estim\u00e9e":"2 minutes"},"schema":{"@context":"https:\/\/schema.org","@graph":[{"@type":"WebPage","@id":"https:\/\/recoverns.arrdev.ca\/fr\/media\/ellie-braham-wins-breakout-professional-of-the-year-technology-division-at-2025-obsidi-awards\/","url":"https:\/\/recoverns.arrdev.ca\/fr\/media\/ellie-braham-wins-breakout-professional-of-the-year-technology-division-at-2025-obsidi-awards\/","name":"Rellie Braham remporte le prix de la R\u00e9v\u00e9lation de l'ann\u00e9e \u2013 Division Technologie aux Obsidi\u00ae Awards 2025 - Recover NS","isPartOf":{"@id":"https:\/\/recoverns.arrdev.ca\/fr\/#website"},"datePublished":"2025-11-24T17:16:29+00:00","dateModified":"2025-12-12T15:43:36+00:00","breadcrumb":{"@id":"https:\/\/recoverns.arrdev.ca\/fr\/media\/ellie-braham-wins-breakout-professional-of-the-year-technology-division-at-2025-obsidi-awards\/#breadcrumb"},"inLanguage":"fr-FR","potentialAction":[{"@type":"ReadAction","target":["https:\/\/recoverns.arrdev.ca\/fr\/media\/ellie-braham-wins-breakout-professional-of-the-year-technology-division-at-2025-obsidi-awards\/"]}]},{"@type":"BreadcrumbList","@id":"https:\/\/recoverns.arrdev.ca\/fr\/media\/ellie-braham-wins-breakout-professional-of-the-year-technology-division-at-2025-obsidi-awards\/#breadcrumb","itemListElement":[{"@type":"ListItem","position":1,"name":"Home","item":"https:\/\/recoverns.arrdev.ca\/fr\/"},{"@type":"ListItem","position":2,"name":"M\u00e9dias","item":"https:\/\/recoverns.arrdev.ca\/fr\/media\/"},{"@type":"ListItem","position":3,"name":"Rellie Braham remporte le prix de la R\u00e9v\u00e9lation de l&#8217;ann\u00e9e \u2013 Division Technologie aux Obsidi\u00ae Awards 2025"}]},{"@type":"WebSite","@id":"https:\/\/recoverns.arrdev.ca\/fr\/#website","url":"https:\/\/recoverns.arrdev.ca\/fr\/","name":"Recover NS","description":"","potentialAction":[{"@type":"SearchAction","target":{"@type":"EntryPoint","urlTemplate":"https:\/\/recoverns.arrdev.ca\/fr\/?s={search_term_string}"},"query-input":{"@type":"PropertyValueSpecification","valueRequired":true,"valueName":"search_term_string"}}],"inLanguage":"fr-FR"}]}},"_links":{"self":[{"href":"https:\/\/recoverns.arrdev.ca\/fr\/wp-json\/wp\/v2\/pages\/1637","targetHints":{"allow":["GET"]}}],"collection":[{"href":"https:\/\/recoverns.arrdev.ca\/fr\/wp-json\/wp\/v2\/pages"}],"about":[{"href":"https:\/\/recoverns.arrdev.ca\/fr\/wp-json\/wp\/v2\/types\/page"}],"author":[{"embeddable":true,"href":"https:\/\/recoverns.arrdev.ca\/fr\/wp-json\/wp\/v2\/users\/3"}],"replies":[{"embeddable":true,"href":"https:\/\/recoverns.arrdev.ca\/fr\/wp-json\/wp\/v2\/comments?post=1637"}],"version-history":[{"count":6,"href":"https:\/\/recoverns.arrdev.ca\/fr\/wp-json\/wp\/v2\/pages\/1637\/revisions"}],"predecessor-version":[{"id":1643,"href":"https:\/\/recoverns.arrdev.ca\/fr\/wp-json\/wp\/v2\/pages\/1637\/revisions\/1643"}],"up":[{"embeddable":true,"href":"https:\/\/recoverns.arrdev.ca\/fr\/wp-json\/wp\/v2\/pages\/1526"}],"wp:attachment":[{"href":"https:\/\/recoverns.arrdev.ca\/fr\/wp-json\/wp\/v2\/media?parent=1637"}],"curies":[{"name":"wp","href":"https:\/\/api.w.org\/{rel}","templated":true}]}}